{"id":14,"date":"2022-02-04T17:55:57","date_gmt":"2022-02-04T17:55:57","guid":{"rendered":"https:\/\/ademgi.org\/?page_id=14"},"modified":"2023-02-17T11:55:03","modified_gmt":"2023-02-17T11:55:03","slug":"que-es-la-esclerosis-multiple","status":"publish","type":"page","link":"https:\/\/ademgi.org\/?page_id=14","title":{"rendered":"\u00bfQu\u00e9 es la Esclerosis M\u00faltiple?"},"content":{"rendered":"\n<p><strong>\u00bfQu\u00e9 es la Esclerosis M\u00faltiple?<\/strong><\/p>\n\n\n\n<figure class=\"wp-block-image size-large is-resized\"><img loading=\"lazy\" decoding=\"async\" src=\"https:\/\/ademgi.org\/wp-content\/uploads\/2022\/02\/thoughtful-young-woman-making-up-idea-looking-aside-with-pondering-glance-touching-chin-thinking-while-standing-on-white-wall-edited-1024x1024.jpg\" alt=\"\" class=\"wp-image-243\" width=\"512\" height=\"512\" srcset=\"https:\/\/ademgi.org\/wp-content\/uploads\/2022\/02\/thoughtful-young-woman-making-up-idea-looking-aside-with-pondering-glance-touching-chin-thinking-while-standing-on-white-wall-edited-1024x1024.jpg 1024w, https:\/\/ademgi.org\/wp-content\/uploads\/2022\/02\/thoughtful-young-woman-making-up-idea-looking-aside-with-pondering-glance-touching-chin-thinking-while-standing-on-white-wall-edited-300x300.jpg 300w, https:\/\/ademgi.org\/wp-content\/uploads\/2022\/02\/thoughtful-young-woman-making-up-idea-looking-aside-with-pondering-glance-touching-chin-thinking-while-standing-on-white-wall-edited-150x150.jpg 150w, https:\/\/ademgi.org\/wp-content\/uploads\/2022\/02\/thoughtful-young-woman-making-up-idea-looking-aside-with-pondering-glance-touching-chin-thinking-while-standing-on-white-wall-edited-768x768.jpg 768w, https:\/\/ademgi.org\/wp-content\/uploads\/2022\/02\/thoughtful-young-woman-making-up-idea-looking-aside-with-pondering-glance-touching-chin-thinking-while-standing-on-white-wall-edited-1536x1536.jpg 1536w, https:\/\/ademgi.org\/wp-content\/uploads\/2022\/02\/thoughtful-young-woman-making-up-idea-looking-aside-with-pondering-glance-touching-chin-thinking-while-standing-on-white-wall-edited-2048x2048.jpg 2048w, https:\/\/ademgi.org\/wp-content\/uploads\/2022\/02\/thoughtful-young-woman-making-up-idea-looking-aside-with-pondering-glance-touching-chin-thinking-while-standing-on-white-wall-edited-400x400.jpg 400w, https:\/\/ademgi.org\/wp-content\/uploads\/2022\/02\/thoughtful-young-woman-making-up-idea-looking-aside-with-pondering-glance-touching-chin-thinking-while-standing-on-white-wall-edited-512x512.jpg 512w\" sizes=\"auto, (max-width: 512px) 100vw, 512px\" \/><\/figure>\n\n\n\n<p>La Esclerosis M\u00faltiple (EM) es una enfermedad neurodegenerativa y cr\u00f3nica del sistema nervioso central (SNC) que afecta a las sustancias blanca y gris del cerebro, as\u00ed como a la m\u00e9dula espinal, y que resulta de una respuesta an\u00f3mala de los mecanismos inmunitarios, o de defensa, del propio individuo contra las prote\u00ednas de la mielina, la sustancia encargada de garantizar una correcta transmisi\u00f3n de las se\u00f1ales del SNC. Debido al da\u00f1o producido en la mielina, las \u00f3rdenes enviadas por el cerebro a las distintas partes del organismo se alteran, interrumpen o ralentizan; lo que da origen a las diferentes manifestaciones de la enfermedad.<\/p>\n\n\n\n<p>La Esclerosis M\u00faltiple puede expresarse a trav\u00e9s de m\u00e1s de 50 s\u00edntomas que var\u00edan en intensidad dependiendo de la persona afectada. Entre las se\u00f1ales m\u00e1s habituales encontramos la fatiga cr\u00f3nica, los problemas de equilibrio y de coordinaci\u00f3n, as\u00ed como las alteraciones sensitivas, visuales o cognitivas. Aunque a d\u00eda de hoy se desconocen exactamente las causas detr\u00e1s de la Esclerosis M\u00faltiple, su desarrollo se asocia a una combinaci\u00f3n de factores gen\u00e9ticos, que predisponen a padecer la enfermedad, y factores ambientales que favorecer\u00edan la aparici\u00f3n de la misma.<\/p>\n","protected":false},"excerpt":{"rendered":"<p>\u00bfQu\u00e9 es la Esclerosis M\u00faltiple? La Esclerosis M\u00faltiple (EM) es una enfermedad neurodegenerativa y cr\u00f3nica del sistema nervioso central (SNC) que afecta a las sustancias blanca y gris del cerebro, as\u00ed como a la m\u00e9dula espinal, y que resulta de una respuesta an\u00f3mala de los mecanismos inmunitarios, o de defensa, del propio individuo contra las &hellip;<\/p>\n","protected":false},"author":2,"featured_media":63,"parent":0,"menu_order":0,"comment_status":"closed","ping_status":"closed","template":"","meta":{"footnotes":""},"class_list":["post-14","page","type-page","status-publish","has-post-thumbnail","hentry","has-thumb"],"_links":{"self":[{"href":"https:\/\/ademgi.org\/index.php?rest_route=\/wp\/v2\/pages\/14","targetHints":{"allow":["GET"]}}],"collection":[{"href":"https:\/\/ademgi.org\/index.php?rest_route=\/wp\/v2\/pages"}],"about":[{"href":"https:\/\/ademgi.org\/index.php?rest_route=\/wp\/v2\/types\/page"}],"author":[{"embeddable":true,"href":"https:\/\/ademgi.org\/index.php?rest_route=\/wp\/v2\/users\/2"}],"replies":[{"embeddable":true,"href":"https:\/\/ademgi.org\/index.php?rest_route=%2Fwp%2Fv2%2Fcomments&post=14"}],"version-history":[{"count":11,"href":"https:\/\/ademgi.org\/index.php?rest_route=\/wp\/v2\/pages\/14\/revisions"}],"predecessor-version":[{"id":377,"href":"https:\/\/ademgi.org\/index.php?rest_route=\/wp\/v2\/pages\/14\/revisions\/377"}],"wp:featuredmedia":[{"embeddable":true,"href":"https:\/\/ademgi.org\/index.php?rest_route=\/wp\/v2\/media\/63"}],"wp:attachment":[{"href":"https:\/\/ademgi.org\/index.php?rest_route=%2Fwp%2Fv2%2Fmedia&parent=14"}],"curies":[{"name":"wp","href":"https:\/\/api.w.org\/{rel}","templated":true}]}}