{"id":19,"date":"2022-02-04T18:08:52","date_gmt":"2022-02-04T18:08:52","guid":{"rendered":"https:\/\/ademgi.org\/?page_id=19"},"modified":"2025-06-24T19:09:32","modified_gmt":"2025-06-24T19:09:32","slug":"la-asociacion","status":"publish","type":"page","link":"https:\/\/ademgi.org\/?page_id=19","title":{"rendered":"\u00bfQui\u00e9nes somos?"},"content":{"rendered":"\n<p><strong>\u00bfQui\u00e9nes somos?<\/strong><\/p>\n\n\n\n<figure class=\"wp-block-image size-full\"><img loading=\"lazy\" decoding=\"async\" width=\"2560\" height=\"1536\" src=\"https:\/\/ademgi.org\/wp-content\/uploads\/2025\/06\/COLLAGE2_Mesa-de-trabajo-1-scaled.png\" alt=\"\" class=\"wp-image-583\" srcset=\"https:\/\/ademgi.org\/wp-content\/uploads\/2025\/06\/COLLAGE2_Mesa-de-trabajo-1-scaled.png 2560w, https:\/\/ademgi.org\/wp-content\/uploads\/2025\/06\/COLLAGE2_Mesa-de-trabajo-1-300x180.png 300w, https:\/\/ademgi.org\/wp-content\/uploads\/2025\/06\/COLLAGE2_Mesa-de-trabajo-1-1024x614.png 1024w, https:\/\/ademgi.org\/wp-content\/uploads\/2025\/06\/COLLAGE2_Mesa-de-trabajo-1-768x461.png 768w, https:\/\/ademgi.org\/wp-content\/uploads\/2025\/06\/COLLAGE2_Mesa-de-trabajo-1-1536x922.png 1536w, https:\/\/ademgi.org\/wp-content\/uploads\/2025\/06\/COLLAGE2_Mesa-de-trabajo-1-2048x1229.png 2048w\" sizes=\"auto, (max-width: 2560px) 100vw, 2560px\" \/><\/figure>\n\n\n\n<p>La Asociaci\u00f3n de Esclerosis M\u00faltiple de Gipuzkoa (ADEMGI) es una entidad sin \u00e1nimo de lucro declarada de Utilidad P\u00fablica e Inter\u00e9s Social que trabaja para mejorar la calidad de vida de las personas con Esclerosis M\u00faltiple de Gipuzkoa.<\/p>\n\n\n\n<p>A trav\u00e9s de sus m\u00e1s de 25 a\u00f1os de existencia, ADEMGI atesora grandes logros que se ven plasmados de manera sustancial en el d\u00eda a d\u00eda de las personas aquejadas de esta enfermedad y que pueden, hoy por hoy, contar con una calidad de vida impensable hace unos a\u00f1os. Ciertamente, los or\u00edgenes de ADEMGI se sit\u00faan en 1994 momento en el que un grupo de familiares de pacientes de Esclerosis M\u00faltiple decidi\u00f3 unirse con el objetivo de dar respuesta a las necesidades especiales que precisaban sus seres queridos y para las cuales no exist\u00eda una soluci\u00f3n por parte de las instituciones.<\/p>\n\n\n\n<p>Tras a\u00f1os de lucha y arduo trabajo por parte de ADEMGI, la posici\u00f3n de las personas afectadas de Esclerosis M\u00faltiple de Gipuzkoa ha experimentado una enorme mejor\u00eda en cuanto a sus derechos y perspectivas de futuro.<\/p>\n\n\n\n<p>El Centro de Esclerosis M\u00faltiple y Otras Enfermedades Neurol\u00f3gicas, inaugurado en el a\u00f1o 2007, constituye una de las conquistas m\u00e1s representativas de la asociaci\u00f3n. En \u00e9l, adem\u00e1s de establecer su sede, ADEMGI ofrece a las personas afectadas de Esclerosis M\u00faltiple, y otras enfermedades neurol\u00f3gicas cuyas entidades tambi\u00e9n poseen su base establecida en el propio centro, un servicio de rehabilitaci\u00f3n integral, continuo y multidisciplinar de la mano de profesionales con una amplia experiencia. El asesoramiento y apoyo brindado a familias y personas afectadas por parte de la asociaci\u00f3n repercute en que cada vez m\u00e1s pacientes puedan disfrutar de una mayor autonom\u00eda y calidad de vida.<\/p>\n","protected":false},"excerpt":{"rendered":"<p>\u00bfQui\u00e9nes somos? La Asociaci\u00f3n de Esclerosis M\u00faltiple de Gipuzkoa (ADEMGI) es una entidad sin \u00e1nimo de lucro declarada de Utilidad P\u00fablica e Inter\u00e9s Social que trabaja para mejorar la calidad de vida de las personas con Esclerosis M\u00faltiple de Gipuzkoa. A trav\u00e9s de sus m\u00e1s de 25 a\u00f1os de existencia, ADEMGI atesora grandes logros que &hellip;<\/p>\n","protected":false},"author":2,"featured_media":0,"parent":0,"menu_order":0,"comment_status":"closed","ping_status":"closed","template":"","meta":{"footnotes":""},"class_list":["post-19","page","type-page","status-publish","hentry","no-thumb"],"_links":{"self":[{"href":"https:\/\/ademgi.org\/index.php?rest_route=\/wp\/v2\/pages\/19","targetHints":{"allow":["GET"]}}],"collection":[{"href":"https:\/\/ademgi.org\/index.php?rest_route=\/wp\/v2\/pages"}],"about":[{"href":"https:\/\/ademgi.org\/index.php?rest_route=\/wp\/v2\/types\/page"}],"author":[{"embeddable":true,"href":"https:\/\/ademgi.org\/index.php?rest_route=\/wp\/v2\/users\/2"}],"replies":[{"embeddable":true,"href":"https:\/\/ademgi.org\/index.php?rest_route=%2Fwp%2Fv2%2Fcomments&post=19"}],"version-history":[{"count":11,"href":"https:\/\/ademgi.org\/index.php?rest_route=\/wp\/v2\/pages\/19\/revisions"}],"predecessor-version":[{"id":584,"href":"https:\/\/ademgi.org\/index.php?rest_route=\/wp\/v2\/pages\/19\/revisions\/584"}],"wp:attachment":[{"href":"https:\/\/ademgi.org\/index.php?rest_route=%2Fwp%2Fv2%2Fmedia&parent=19"}],"curies":[{"name":"wp","href":"https:\/\/api.w.org\/{rel}","templated":true}]}}