{"id":198,"date":"2022-02-08T19:28:00","date_gmt":"2022-02-08T19:28:00","guid":{"rendered":"https:\/\/ademgi.org\/?page_id=198"},"modified":"2023-02-17T11:56:53","modified_gmt":"2023-02-17T11:56:53","slug":"tipos-de-esclerosis-multiple","status":"publish","type":"page","link":"https:\/\/ademgi.org\/?page_id=198","title":{"rendered":"Tipos de Esclerosis M\u00faltiple"},"content":{"rendered":"\n<p><strong>Tipos de Esclerosis M\u00faltiple<\/strong><\/p>\n\n\n\n<p>Si bien la Esclerosis M\u00faltiple es una enfermedad impredecible, actualmente se han identificado cuatro subtipos o modelos de evoluci\u00f3n diferentes:<\/p>\n\n\n\n<p><em>Recurrente-remitente (EMRR):<\/em><\/p>\n\n\n\n<p>Constituye la forma m\u00e1s com\u00fan de la enfermedad present\u00e1ndose en torno al 85% de los casos. Se caracteriza por exacerbaciones recurrentes en las que se produce una disfunci\u00f3n neurol\u00f3gica repentina, nueva o ya conocida, que recibe el nombre de \u00abataque\u00bb o \u00abbrote\u00bb. Estas crisis no tienen una duraci\u00f3n determinada, pueden prolongarse a lo largo de semanas o meses y se alternan con per\u00edodos de resoluci\u00f3n completa o parcial de los s\u00edntomas, tambi\u00e9n llamados \u00abremisiones\u00bb. Entre las diferentes recidivas no se percibe progresi\u00f3n de la enfermedad.<\/p>\n\n\n\n<p><em>Secundaria progresiva<\/em><em> (EMSP):<\/em><\/p>\n\n\n\n<p>Tras una etapa estimada de unos 10 o 20 a\u00f1os, entre un 30 y un 50% de las personas afectadas que en un primer momento manifestaron una tipolog\u00eda recurrente-remitente evolucionar\u00e1n eventualmente hacia una forma secundaria progresiva que conlleva, por lo general, un cese de las exacerbaciones agudas y un empeoramiento gradual de la discapacidad.<\/p>\n\n\n\n<p><em>Primaria progresiva<\/em><em> (EMPP):<\/em><\/p>\n\n\n\n<p>Se trata de la forma menos frecuente, afectando solo al 10-15% de todas las personas afectadas. Se caracteriza por la ausencia de brotes definidos, comienza de manera insidiosa y empeora gradualmente y de manera constante desde el inicio de la enfermedad progresando m\u00e1s r\u00e1pido en su incapacidad respecto de los otros subtipos.<\/p>\n\n\n\n<p><em>Progresiva-recurrente<\/em><em> (EMPR):<\/em><\/p>\n\n\n\n<p>Representa la forma m\u00e1s agresiva de la enfermedad y se manifiesta en alrededor de un 3 y un 5% de los casos. Progresa de un modo continuo desde el inicio de la enfermedad, presentando exacerbaciones severas peri\u00f3dicas o brotes agudos claros, con o sin recuperaci\u00f3n completa.<\/p>\n\n\n\n<p>No obstante, la primera manifestaci\u00f3n de la enfermedad suele considerarse como un subtipo aparte denominado \u00abs\u00edndrome cl\u00ednico aislado\u00bb. De igual manera, cada vez m\u00e1s investigadores hablan de un nuevo subtipo de Esclerosis M\u00faltiple, la EM benigna. Se entiende como\u00a0Esclerosis M\u00faltiple benigna aquella forma en la que tras 10 o 15 a\u00f1os de enfermedad casi no se aprecian limitaciones funcionales ni f\u00edsicas. El diagn\u00f3stico y tratamiento temprano de la enfermedad, junto con un abordaje multidisciplinar de la misma, parecen ser los responsables de que cada vez un n\u00famero mayor de afectados presenten este tipo de curso menos incapacitante.<\/p>\n","protected":false},"excerpt":{"rendered":"<p>Tipos de Esclerosis M\u00faltiple Si bien la Esclerosis M\u00faltiple es una enfermedad impredecible, actualmente se han identificado cuatro subtipos o modelos de evoluci\u00f3n diferentes: Recurrente-remitente (EMRR): Constituye la forma m\u00e1s com\u00fan de la enfermedad present\u00e1ndose en torno al 85% de los casos. Se caracteriza por exacerbaciones recurrentes en las que se produce una disfunci\u00f3n neurol\u00f3gica &hellip;<\/p>\n","protected":false},"author":2,"featured_media":0,"parent":0,"menu_order":0,"comment_status":"closed","ping_status":"closed","template":"","meta":{"footnotes":""},"class_list":["post-198","page","type-page","status-publish","hentry","no-thumb"],"_links":{"self":[{"href":"https:\/\/ademgi.org\/index.php?rest_route=\/wp\/v2\/pages\/198","targetHints":{"allow":["GET"]}}],"collection":[{"href":"https:\/\/ademgi.org\/index.php?rest_route=\/wp\/v2\/pages"}],"about":[{"href":"https:\/\/ademgi.org\/index.php?rest_route=\/wp\/v2\/types\/page"}],"author":[{"embeddable":true,"href":"https:\/\/ademgi.org\/index.php?rest_route=\/wp\/v2\/users\/2"}],"replies":[{"embeddable":true,"href":"https:\/\/ademgi.org\/index.php?rest_route=%2Fwp%2Fv2%2Fcomments&post=198"}],"version-history":[{"count":4,"href":"https:\/\/ademgi.org\/index.php?rest_route=\/wp\/v2\/pages\/198\/revisions"}],"predecessor-version":[{"id":379,"href":"https:\/\/ademgi.org\/index.php?rest_route=\/wp\/v2\/pages\/198\/revisions\/379"}],"wp:attachment":[{"href":"https:\/\/ademgi.org\/index.php?rest_route=%2Fwp%2Fv2%2Fmedia&parent=198"}],"curies":[{"name":"wp","href":"https:\/\/api.w.org\/{rel}","templated":true}]}}