{"id":200,"date":"2022-02-08T19:28:40","date_gmt":"2022-02-08T19:28:40","guid":{"rendered":"https:\/\/ademgi.org\/?page_id=200"},"modified":"2023-02-17T11:58:07","modified_gmt":"2023-02-17T11:58:07","slug":"tratamientos","status":"publish","type":"page","link":"https:\/\/ademgi.org\/?page_id=200","title":{"rendered":"Tratamientos"},"content":{"rendered":"\n<p><strong>Tratamientos<\/strong><\/p>\n\n\n\n<p>La idiosincrasia de la enfermedad requiere de un abordaje multidisciplinar con el objetivo de disminuir su gravedad y mantener la mejor calidad de vida posible para el paciente.<\/p>\n\n\n\n<p>A d\u00eda de hoy contamos con distintos tipos de tratamiento que se adecuan a las diferentes fases o etapas del padecimiento. De este modo, los brotes, o exacerbaciones agudas, son tratados mediante altas dosis de glucocorticoides que se combinan con medicamentos modificadores que poseen un car\u00e1cter preventivo y que reducen la frecuencia y la intensidad de los brotes, adem\u00e1s de prevenir la aparici\u00f3n de nuevas lesiones, retrasando y reduciendo as\u00ed la progresi\u00f3n de la discapacidad adquirida.<\/p>\n\n\n\n<p>La elecci\u00f3n de un tratamiento modificador de la enfermedad se establece siempre mediante consenso con el especialista. Tras estudiar cada uno de los casos y atendiendo a distintos factores como \u00a0el balance riesgo-beneficio, el subtipo de Esclerosis M\u00faltiple manifestado por el paciente o el impacto en la vida cotidiana del afectado, el neur\u00f3logo determinar\u00e1 el f\u00e1rmaco que mejor se adec\u00fae a las necesidades del paciente. <\/p>\n\n\n\n<p>Por otro lado, con el fin de mantener la mejor calidad de vida posible para el afectado, los tratamientos agudos y modificadores de la enfermedad se combinan con distintas terapias destinadas a atajar los diversos s\u00edntomas que el afectado pueda presentar. Estos tratamientos pueden ser de tipo farmacol\u00f3gico o rehabilitador.<\/p>\n","protected":false},"excerpt":{"rendered":"<p>Tratamientos La idiosincrasia de la enfermedad requiere de un abordaje multidisciplinar con el objetivo de disminuir su gravedad y mantener la mejor calidad de vida posible para el paciente. A d\u00eda de hoy contamos con distintos tipos de tratamiento que se adecuan a las diferentes fases o etapas del padecimiento. De este modo, los brotes, &hellip;<\/p>\n","protected":false},"author":2,"featured_media":0,"parent":0,"menu_order":0,"comment_status":"closed","ping_status":"closed","template":"","meta":{"footnotes":""},"class_list":["post-200","page","type-page","status-publish","hentry","no-thumb"],"_links":{"self":[{"href":"https:\/\/ademgi.org\/index.php?rest_route=\/wp\/v2\/pages\/200","targetHints":{"allow":["GET"]}}],"collection":[{"href":"https:\/\/ademgi.org\/index.php?rest_route=\/wp\/v2\/pages"}],"about":[{"href":"https:\/\/ademgi.org\/index.php?rest_route=\/wp\/v2\/types\/page"}],"author":[{"embeddable":true,"href":"https:\/\/ademgi.org\/index.php?rest_route=\/wp\/v2\/users\/2"}],"replies":[{"embeddable":true,"href":"https:\/\/ademgi.org\/index.php?rest_route=%2Fwp%2Fv2%2Fcomments&post=200"}],"version-history":[{"count":3,"href":"https:\/\/ademgi.org\/index.php?rest_route=\/wp\/v2\/pages\/200\/revisions"}],"predecessor-version":[{"id":380,"href":"https:\/\/ademgi.org\/index.php?rest_route=\/wp\/v2\/pages\/200\/revisions\/380"}],"wp:attachment":[{"href":"https:\/\/ademgi.org\/index.php?rest_route=%2Fwp%2Fv2%2Fmedia&parent=200"}],"curies":[{"name":"wp","href":"https:\/\/api.w.org\/{rel}","templated":true}]}}