{"id":205,"date":"2022-02-08T19:34:58","date_gmt":"2022-02-08T19:34:58","guid":{"rendered":"https:\/\/ademgi.org\/?page_id=205"},"modified":"2023-02-17T12:01:44","modified_gmt":"2023-02-17T12:01:44","slug":"servicios","status":"publish","type":"page","link":"https:\/\/ademgi.org\/?page_id=205","title":{"rendered":"Servicios"},"content":{"rendered":"\n<p><strong>Servicios<\/strong><\/p>\n\n\n\n<p>ADEMGI dirige desde el a\u00f1o 2007 el Centro de Esclerosis M\u00faltiple y Otras Enfermedades Neurol\u00f3gicas en el cual, adem\u00e1s de atender a personas que padecen Esclerosis M\u00faltiple, se ofrece rehabilitaci\u00f3n a personas afectadas por otras enfermedades neurol\u00f3gicas como la Esclerosis Lateral Amiotr\u00f3fica, distintos tipos de distrofia muscular o lesiones medulares, entre otras.<\/p>\n\n\n\n<p>Tanto para los pacientes con Esclerosis M\u00faltiple como otras patolog\u00edas neurol\u00f3gicas una terapia rehabilitadora constante, multidisciplinar y adaptada a las necesidades de cada una de las personas afectadas resulta fundamental a la hora de hacer frente a la enfermedad y mantener una funcionalidad y calidad de vida considerable a pesar de esta. Lamentablemente, nuestro sistema p\u00fablico de salud no llega a cubrir esta necesidad de atenci\u00f3n y abordaje integral, raz\u00f3n por la cual la labor llevada a cabo en el centro gestionado por ADEMGI, y los servicios que aqu\u00ed se ofrecen, cumplen un papel esencial.<\/p>\n\n\n\n<p>Nuestro centro acoge a distintos profesionales con una amplia experiencia en el campo con el fin de facilitar y mejorar, en la medida de lo posible, la vida de las personas que conviven con cualquiera de estos padecimientos. Para ello, contamos con servicios de psicolog\u00eda, logopedia o trabajo social, adem\u00e1s de un equipo de fisioterapia y un gimnasio completamente adaptado y dotado de las \u00faltimas novedades t\u00e9cnicas y virtuales en el que llevar a cabo las distintas terapias de rehabilitaci\u00f3n f\u00edsica y neurol\u00f3gica. <\/p>\n\n\n\n<p>Del mismo modo, desde el centro tambi\u00e9n se organizan distintos talleres de terapia ocupacional, se promueven actividades de ocio entre sus personas usuarias y se impulsan distintas campa\u00f1as de sensibilizaci\u00f3n y recaudaci\u00f3n de fondos con el objetivo de sufragar los gastos derivados de la atenci\u00f3n de las personas afectadas por las distintas patolog\u00edas, cuya atenci\u00f3n a pesar de las cuotas de socio resulta deficitaria a nivel econ\u00f3mico, y contribuir en la investigaci\u00f3n de la Esclerosis M\u00faltiple a trav\u00e9s del Instituto de Investigaci\u00f3n Sanitaria Biodonostia.<\/p>\n\n\n<div id=\"metaslider-id-253\" style=\"width: 100%;\" class=\"ml-slider-3-108-0 metaslider metaslider-flex metaslider-253 ml-slider has-dots-nav ms-theme-default\" role=\"region\" aria-label=\"Nueva presentaci\u00f3n de diapositivas\" data-height=\"900\" data-width=\"1500\">\n    <div id=\"metaslider_container_253\">\n        <div id=\"metaslider_253\">\n            <ul class='slides'>\n                <li style=\"display: block; width: 100%;\" class=\"slide-254 ms-image \" aria-roledescription=\"slide\" data-date=\"2022-02-08 20:29:30\" data-filename=\"WhatsApp-Image-2025-06-24-at-19.25.10-e1750789402911-1500x900.jpeg\" data-slide-type=\"image\"><img loading=\"lazy\" decoding=\"async\" src=\"https:\/\/ademgi.org\/wp-content\/uploads\/2025\/06\/WhatsApp-Image-2025-06-24-at-19.25.10-e1750789402911-1500x900.jpeg\" height=\"900\" width=\"1500\" alt=\"\" class=\"slider-253 slide-254 msDefaultImage\" title=\"WhatsApp Image 2025-06-24 at 19.25.10\" \/><\/li>\n                <li style=\"display: none; width: 100%;\" class=\"slide-572 ms-image \" aria-roledescription=\"slide\" data-date=\"2025-06-24 18:24:39\" data-filename=\"WhatsApp-Image-2025-06-24-at-19.25.11-e1750789724319.jpeg\" data-slide-type=\"image\"><img loading=\"lazy\" decoding=\"async\" src=\"https:\/\/ademgi.org\/wp-content\/uploads\/2025\/06\/WhatsApp-Image-2025-06-24-at-19.25.11-e1750789724319.jpeg\" height=\"900\" width=\"1500\" alt=\"\" class=\"slider-253 slide-572 msDefaultImage\" title=\"WhatsApp Image 2025-06-24 at 19.25.11\" \/><\/li>\n                <li style=\"display: none; width: 100%;\" class=\"slide-573 ms-image \" aria-roledescription=\"slide\" data-date=\"2025-06-24 18:25:07\" data-filename=\"WhatsApp-Image-2025-06-24-at-19.25.10-1-e1750789814475.jpeg\" data-slide-type=\"image\"><img loading=\"lazy\" decoding=\"async\" src=\"https:\/\/ademgi.org\/wp-content\/uploads\/2025\/06\/WhatsApp-Image-2025-06-24-at-19.25.10-1-e1750789814475.jpeg\" height=\"900\" width=\"1500\" alt=\"\" class=\"slider-253 slide-573 msDefaultImage\" title=\"WhatsApp Image 2025-06-24 at 19.25.10 (1)\" \/><\/li>\n                <li style=\"display: none; width: 100%;\" class=\"slide-575 ms-image \" aria-roledescription=\"slide\" data-date=\"2025-06-24 18:45:40\" data-filename=\"15-scaled-e1750790945905-1500x900.jpg\" data-slide-type=\"image\"><img loading=\"lazy\" decoding=\"async\" src=\"https:\/\/ademgi.org\/wp-content\/uploads\/2025\/06\/15-scaled-e1750790945905-1500x900.jpg\" height=\"900\" width=\"1500\" alt=\"\" class=\"slider-253 slide-575 msDefaultImage\" title=\"15\" \/><\/li>\n                <li style=\"display: none; width: 100%;\" class=\"slide-578 ms-image \" aria-roledescription=\"slide\" data-date=\"2025-06-24 18:55:20\" data-filename=\"5-scaled-e1750791375930-1500x900.jpg\" data-slide-type=\"image\"><img loading=\"lazy\" decoding=\"async\" src=\"https:\/\/ademgi.org\/wp-content\/uploads\/2025\/06\/5-scaled-e1750791375930-1500x900.jpg\" height=\"900\" width=\"1500\" alt=\"\" class=\"slider-253 slide-578 msDefaultImage\" title=\"5\" \/><\/li>\n                <li style=\"display: none; width: 100%;\" class=\"slide-255 ms-image \" aria-roledescription=\"slide\" data-date=\"2022-02-08 20:29:47\" data-filename=\"IMG_20231110_162554-1080x648.jpg\" data-slide-type=\"image\"><img loading=\"lazy\" decoding=\"async\" src=\"https:\/\/ademgi.org\/wp-content\/uploads\/2024\/01\/IMG_20231110_162554-1080x648.jpg\" height=\"900\" width=\"1500\" alt=\"\" class=\"slider-253 slide-255 msDefaultImage\" title=\"IMG_20231110_162554\" \/><\/li>\n                <li style=\"display: none; width: 100%;\" class=\"slide-256 ms-image \" aria-roledescription=\"slide\" data-date=\"2022-02-08 20:30:00\" data-filename=\"2023-06-23-12.07.46-scaled-1500x900.jpg\" data-slide-type=\"image\"><img loading=\"lazy\" decoding=\"async\" src=\"https:\/\/ademgi.org\/wp-content\/uploads\/2024\/01\/2023-06-23-12.07.46-scaled-1500x900.jpg\" height=\"900\" width=\"1500\" alt=\"\" class=\"slider-253 slide-256 msDefaultImage\" title=\"2023-06-23 12.07.46\" \/><\/li>\n                <li style=\"display: none; width: 100%;\" class=\"slide-257 ms-image \" aria-roledescription=\"slide\" data-date=\"2022-02-08 20:30:10\" data-filename=\"2023-05-09-12.05.12-scaled-1500x900.jpg\" data-slide-type=\"image\"><img loading=\"lazy\" decoding=\"async\" src=\"https:\/\/ademgi.org\/wp-content\/uploads\/2024\/01\/2023-05-09-12.05.12-scaled-1500x900.jpg\" height=\"900\" width=\"1500\" alt=\"\" class=\"slider-253 slide-257 msDefaultImage\" title=\"2023-05-09 12.05.12\" \/><\/li>\n                <li style=\"display: none; width: 100%;\" class=\"slide-258 ms-image \" aria-roledescription=\"slide\" data-date=\"2022-02-08 20:30:20\" data-filename=\"2023-06-14-12.27.25-scaled-1500x900.jpg\" data-slide-type=\"image\"><img loading=\"lazy\" decoding=\"async\" src=\"https:\/\/ademgi.org\/wp-content\/uploads\/2024\/01\/2023-06-14-12.27.25-scaled-1500x900.jpg\" height=\"900\" width=\"1500\" alt=\"\" class=\"slider-253 slide-258 msDefaultImage\" title=\"2023-06-14 12.27.25\" \/><\/li>\n                <li style=\"display: none; width: 100%;\" class=\"slide-259 ms-image \" aria-roledescription=\"slide\" data-date=\"2022-02-08 20:30:28\" data-filename=\"encuentro-jovenes-EM1-1500x900.jpg\" data-slide-type=\"image\"><img loading=\"lazy\" decoding=\"async\" src=\"https:\/\/ademgi.org\/wp-content\/uploads\/2022\/02\/encuentro-jovenes-EM1-1500x900.jpg\" height=\"900\" width=\"1500\" alt=\"\" class=\"slider-253 slide-259 msDefaultImage\" title=\"encuentro jovenes EM(1)\" \/><\/li>\n                <li style=\"display: none; width: 100%;\" class=\"slide-260 ms-image \" aria-roledescription=\"slide\" data-date=\"2022-02-08 20:30:39\" data-filename=\"IMG-20220606-WA0002-1024x614.jpg\" data-slide-type=\"image\"><img loading=\"lazy\" decoding=\"async\" src=\"https:\/\/ademgi.org\/wp-content\/uploads\/2024\/01\/IMG-20220606-WA0002-1024x614.jpg\" height=\"900\" width=\"1500\" alt=\"\" class=\"slider-253 slide-260 msDefaultImage\" title=\"IMG-20220606-WA0002\" \/><\/li>\n                <li style=\"display: none; width: 100%;\" class=\"slide-262 ms-image \" aria-roledescription=\"slide\" data-date=\"2022-02-08 20:32:28\" data-filename=\"8-scaled-1500x900.jpg\" data-slide-type=\"image\"><img loading=\"lazy\" decoding=\"async\" src=\"https:\/\/ademgi.org\/wp-content\/uploads\/2024\/07\/8-scaled-1500x900.jpg\" height=\"900\" width=\"1500\" alt=\"\" class=\"slider-253 slide-262 msDefaultImage\" title=\"8\" \/><\/li>\n                <li style=\"display: none; width: 100%;\" class=\"slide-552 ms-image \" aria-roledescription=\"slide\" data-date=\"2024-07-14 14:40:16\" data-filename=\"7-scaled-e1750616280806-1500x900.jpg\" data-slide-type=\"image\"><img loading=\"lazy\" decoding=\"async\" src=\"https:\/\/ademgi.org\/wp-content\/uploads\/2024\/07\/7-scaled-e1750616280806-1500x900.jpg\" height=\"900\" width=\"1500\" alt=\"\" class=\"slider-253 slide-552 msDefaultImage\" title=\"7\" \/><\/li>\n                <li style=\"display: none; width: 100%;\" class=\"slide-263 ms-image \" aria-roledescription=\"slide\" data-date=\"2022-02-08 20:32:50\" data-filename=\"cDSC_0082-1-scaled-1500x900.jpg\" data-slide-type=\"image\"><img loading=\"lazy\" decoding=\"async\" src=\"https:\/\/ademgi.org\/wp-content\/uploads\/2024\/01\/cDSC_0082-1-scaled-1500x900.jpg\" height=\"900\" width=\"1500\" alt=\"\" class=\"slider-253 slide-263 msDefaultImage\" title=\"cDSC_0082\" \/><\/li>\n                <li style=\"display: none; width: 100%;\" class=\"slide-416 ms-image \" aria-roledescription=\"slide\" data-date=\"2024-01-02 15:03:02\" data-filename=\"407288189_18006208574280824_715748698870374629_n-1190x714.jpg\" data-slide-type=\"image\"><img loading=\"lazy\" decoding=\"async\" src=\"https:\/\/ademgi.org\/wp-content\/uploads\/2024\/01\/407288189_18006208574280824_715748698870374629_n-1190x714.jpg\" height=\"900\" width=\"1500\" alt=\"\" class=\"slider-253 slide-416 msDefaultImage\" title=\"407288189_18006208574280824_715748698870374629_n\" \/><\/li>\n            <\/ul>\n        <\/div>\n        \n    <\/div>\n<\/div>\n\n\n\n<p>Si tienes cualquier duda sobre nuestros servicios o la ayuda que te podamos prestar, puedes contactar con nosotros a trav\u00e9s de nuestra direcci\u00f3n de correo electr\u00f3nico <u><a rel=\"noreferrer noopener\" href=\"mailto:info@ademgi.org?subject=Consulta\" target=\"_blank\">info@ademgi.org<\/a><\/u> o n\u00famero de tel\u00e9fono&nbsp; 943 245 600. Tambi\u00e9n puedes acercarte a nuestra sede situada en el Paseo Zarategi N\u00ba 68 trasera de Donostia donde te atenderemos sin ning\u00fan tipo de compromiso.<\/p>\n","protected":false},"excerpt":{"rendered":"<p>Servicios ADEMGI dirige desde el a\u00f1o 2007 el Centro de Esclerosis M\u00faltiple y Otras Enfermedades Neurol\u00f3gicas en el cual, adem\u00e1s de atender a personas que padecen Esclerosis M\u00faltiple, se ofrece rehabilitaci\u00f3n a personas afectadas por otras enfermedades neurol\u00f3gicas como la Esclerosis Lateral Amiotr\u00f3fica, distintos tipos de distrofia muscular o lesiones medulares, entre otras. Tanto para &hellip;<\/p>\n","protected":false},"author":2,"featured_media":0,"parent":0,"menu_order":0,"comment_status":"closed","ping_status":"closed","template":"","meta":{"footnotes":""},"class_list":["post-205","page","type-page","status-publish","hentry","no-thumb"],"_links":{"self":[{"href":"https:\/\/ademgi.org\/index.php?rest_route=\/wp\/v2\/pages\/205","targetHints":{"allow":["GET"]}}],"collection":[{"href":"https:\/\/ademgi.org\/index.php?rest_route=\/wp\/v2\/pages"}],"about":[{"href":"https:\/\/ademgi.org\/index.php?rest_route=\/wp\/v2\/types\/page"}],"author":[{"embeddable":true,"href":"https:\/\/ademgi.org\/index.php?rest_route=\/wp\/v2\/users\/2"}],"replies":[{"embeddable":true,"href":"https:\/\/ademgi.org\/index.php?rest_route=%2Fwp%2Fv2%2Fcomments&post=205"}],"version-history":[{"count":8,"href":"https:\/\/ademgi.org\/index.php?rest_route=\/wp\/v2\/pages\/205\/revisions"}],"predecessor-version":[{"id":382,"href":"https:\/\/ademgi.org\/index.php?rest_route=\/wp\/v2\/pages\/205\/revisions\/382"}],"wp:attachment":[{"href":"https:\/\/ademgi.org\/index.php?rest_route=%2Fwp%2Fv2%2Fmedia&parent=205"}],"curies":[{"name":"wp","href":"https:\/\/api.w.org\/{rel}","templated":true}]}}