{"id":209,"date":"2022-02-08T19:42:18","date_gmt":"2022-02-08T19:42:18","guid":{"rendered":"https:\/\/ademgi.org\/?page_id=209"},"modified":"2023-04-03T18:04:52","modified_gmt":"2023-04-03T18:04:52","slug":"colabora","status":"publish","type":"page","link":"https:\/\/ademgi.org\/?page_id=209","title":{"rendered":"Colabora"},"content":{"rendered":"\n<p><strong>Colabora<\/strong><\/p>\n\n\n\n<p>Si quieres poner tu granito de arena y ayudarnos a mejorar la vida de cientos de guipuzcoanos afectados por enfermedades neurol\u00f3gicas, \u00a1en ADEMGI estaremos encantados de contar con tu colaboraci\u00f3n!<\/p>\n\n\n\n<p><strong>Donaciones econ\u00f3micas<\/strong><\/p>\n\n\n\n<p>Puedes contribuir a nuestra causa mediante donaciones econ\u00f3micas, puntuales o peri\u00f3dicas, a trav\u00e9s de distintas v\u00edas:<\/p>\n\n\n\n<p><strong>-Paypal y tarjeta de cr\u00e9dito:<\/strong><\/p>\n\n\n\n<form action=\"https:\/\/www.paypal.com\/donate\" method=\"post\" target=\"_top\">\n\n<input type=\"hidden\" name=\"hosted_button_id\" value=\"65C6FPB6GGFRQ\" \/>\n\n<input type=\"image\" src=\"https:\/\/www.paypalobjects.com\/es_ES\/ES\/i\/btn\/btn_donateCC_LG.gif\" border=\"0\" name=\"submit\" title=\"PayPal - The safer, easier way to pay online!\" alt=\"Bot\u00f3n\u00a0Donar con PayPal\" \/>\n\n<img loading=\"lazy\" decoding=\"async\" alt=\"\" border=\"0\" src=\"https:\/\/www.paypal.com\/es_ES\/i\/scr\/pixel.gif\" width=\"1\" height=\"1\" \/>\n\n<\/form>\n<br>\n\n\n\n<p><strong>-Transferencia bancaria:<\/strong><\/p>\n\n\n\n<p>ES33-3035-0096-3609-6002-7093 (Laboral Kutxa)<\/p>\n\n\n\n<p><strong>-Bizum ONG:<\/strong><\/p>\n\n\n\n<p>\u00bfSab\u00edas que ahora tambi\u00e9n puedes colaborar con nosotros a trav\u00e9s de Bizum? \u00a1As\u00ed es! Accede a tu cuenta de Bizum y selecciona la opci\u00f3n \u201cEnviar donaci\u00f3n\u201d. Tras ello introduce nuestro c\u00f3digo de Bizum ONG, 01223, o el nombre de nuestra entidad, ADEMGI, y elige el importe que desees hacernos llegar.<\/p>\n\n\n\n<p><strong>-\u00a1Hazte Teamer por solo 1\u20ac al mes!<\/strong><\/p>\n\n\n\n<p>Teaming es una plataforma de microdonativos para causas sociales mediante la cual puedes colaborar con nosotros de una manera muy sencilla. Para ayudarnos a trav\u00e9s de ella solo tienes que entrar en su p\u00e1gina web: <a href=\"http:\/\/www.teaming.net\">www.teaming.net<\/a>, registrarte y vincular tu tarjeta de cr\u00e9dito o cuenta bancaria a tu perfil de Teamer. De esta manera cada mes te cobrar\u00e1n un euro por cada causa social que decidas apoyar.<\/p>\n\n\n\n<p>Tanto si eres nuevo en Teaming, como si ya colaboras con otras causas a trav\u00e9s de ella, entra en nuestro grupo: <a href=\"https:\/\/www.teaming.net\/esclerosismultiplegipuzkoa\">https:\/\/www.teaming.net\/esclerosismultiplegipuzkoa<\/a> y \u00fanete a \u00e9l. &nbsp;\u00a1Por solo 1\u20ac al mes, menos de lo que cuesta un caf\u00e9, nos ayudar\u00e1s a seguir mejorando la vida de cientos de personas!<\/p>\n\n\n\n<p>* Recuerda que, dada nuestra condici\u00f3n de entidad sin \u00e1nimo de lucro declarada de Utilidad P\u00fablica e Inter\u00e9s Social, todos los donativos y aportaciones realizadas a la Asociaci\u00f3n de Esclerosis M\u00faltiple de Gipuzkoa, ADEMGI, podr\u00e1n ser desgravadas en la declaraci\u00f3n del IRPF, en el caso de particulares, as\u00ed como en el Impuesto de Sociedades en el caso de empresas. Para solicitar tu certificado de donativo, contacta con nosotros a trav\u00e9s nuestro correo electr\u00f3nico <u><a href=\"mailto:info@ademgi.org?subject=Consulta\">info@ademgi.org<\/a><\/u> o n\u00famero de tel\u00e9fono&nbsp; 943 245 600.<\/p>\n\n\n\n<p><strong>Otros modos de colaboraci\u00f3n:<\/strong><\/p>\n\n\n\n<p>\u00bfSe te ocurre otra manera de colaborar con nosotros? \u00bfEst\u00e1s pensando en organizar un evento para recaudar fondos y as\u00ed ayudarnos? \u00bfQuieres sorprender a los invitados de tu boda u otro tipo de celebraci\u00f3n familiar con un detalle solidario?<br>Contacta con nosotros en nuestro correo electr\u00f3nico <u><a href=\"mailto:info@ademgi.org?subject=Consulta\">info@ademgi.org<\/a><\/u> o n\u00famero de tel\u00e9fono&nbsp; 943 245 600, \u00a1y cu\u00e9ntanos tu idea! \u00a1O vis\u00edtanos en nuestro centro del Paseo Zarategi! \u00a1Te esperamos!<\/p>\n","protected":false},"excerpt":{"rendered":"<p>Colabora Si quieres poner tu granito de arena y ayudarnos a mejorar la vida de cientos de guipuzcoanos afectados por enfermedades neurol\u00f3gicas, \u00a1en ADEMGI estaremos encantados de contar con tu colaboraci\u00f3n! Donaciones econ\u00f3micas Puedes contribuir a nuestra causa mediante donaciones econ\u00f3micas, puntuales o peri\u00f3dicas, a trav\u00e9s de distintas v\u00edas: -Paypal y tarjeta de cr\u00e9dito: -Transferencia &hellip;<\/p>\n","protected":false},"author":2,"featured_media":0,"parent":0,"menu_order":0,"comment_status":"closed","ping_status":"closed","template":"","meta":{"footnotes":""},"class_list":["post-209","page","type-page","status-publish","hentry","no-thumb"],"_links":{"self":[{"href":"https:\/\/ademgi.org\/index.php?rest_route=\/wp\/v2\/pages\/209","targetHints":{"allow":["GET"]}}],"collection":[{"href":"https:\/\/ademgi.org\/index.php?rest_route=\/wp\/v2\/pages"}],"about":[{"href":"https:\/\/ademgi.org\/index.php?rest_route=\/wp\/v2\/types\/page"}],"author":[{"embeddable":true,"href":"https:\/\/ademgi.org\/index.php?rest_route=\/wp\/v2\/users\/2"}],"replies":[{"embeddable":true,"href":"https:\/\/ademgi.org\/index.php?rest_route=%2Fwp%2Fv2%2Fcomments&post=209"}],"version-history":[{"count":6,"href":"https:\/\/ademgi.org\/index.php?rest_route=\/wp\/v2\/pages\/209\/revisions"}],"predecessor-version":[{"id":393,"href":"https:\/\/ademgi.org\/index.php?rest_route=\/wp\/v2\/pages\/209\/revisions\/393"}],"wp:attachment":[{"href":"https:\/\/ademgi.org\/index.php?rest_route=%2Fwp%2Fv2%2Fmedia&parent=209"}],"curies":[{"name":"wp","href":"https:\/\/api.w.org\/{rel}","templated":true}]}}