{"id":337,"date":"2022-06-23T17:52:34","date_gmt":"2022-06-23T17:52:34","guid":{"rendered":"https:\/\/ademgi.org\/?page_id=337"},"modified":"2025-06-22T18:07:17","modified_gmt":"2025-06-22T18:07:17","slug":"gure-taldea","status":"publish","type":"page","link":"https:\/\/ademgi.org\/?page_id=337","title":{"rendered":"Gure taldea"},"content":{"rendered":"\n<p><strong>Zuzendaritza batzordea:<\/strong><\/p>\n\n\n\n<figure class=\"wp-block-image size-large is-resized\"><img loading=\"lazy\" decoding=\"async\" width=\"1024\" height=\"771\" src=\"https:\/\/ademgi.org\/wp-content\/uploads\/2024\/07\/WhatsApp-Image-2024-07-14-at-16.20.45-1024x771.jpeg\" alt=\"\" class=\"wp-image-543\" style=\"width:556px;height:auto\" srcset=\"https:\/\/ademgi.org\/wp-content\/uploads\/2024\/07\/WhatsApp-Image-2024-07-14-at-16.20.45-1024x771.jpeg 1024w, https:\/\/ademgi.org\/wp-content\/uploads\/2024\/07\/WhatsApp-Image-2024-07-14-at-16.20.45-300x226.jpeg 300w, https:\/\/ademgi.org\/wp-content\/uploads\/2024\/07\/WhatsApp-Image-2024-07-14-at-16.20.45-768x578.jpeg 768w, https:\/\/ademgi.org\/wp-content\/uploads\/2024\/07\/WhatsApp-Image-2024-07-14-at-16.20.45-1536x1157.jpeg 1536w, https:\/\/ademgi.org\/wp-content\/uploads\/2024\/07\/WhatsApp-Image-2024-07-14-at-16.20.45.jpeg 2040w\" sizes=\"auto, (max-width: 1024px) 100vw, 1024px\" \/><\/figure>\n\n\n\n<p><strong>Lehendakaria: <\/strong>M\u00aa Luisa Ustarroz<\/p>\n\n\n\n<p><strong>1.go lehendakariordea: <\/strong>Juan Antonio Unzurrunzaga<\/p>\n\n\n\n<p><strong>2.go lehendakariordea: <\/strong>M\u00aa Jos\u00e9 Urkia<\/p>\n\n\n\n<p><strong>Diruzaina: <\/strong>Alberto P\u00e9rez<\/p>\n\n\n\n<p><strong>Idazkaria: <\/strong>Rosa Oviedo<\/p>\n\n\n\n<p><strong>Batzordekideak: <\/strong>Eva Villar\u00f3n, Imelda Iturbe, Jos\u00e9 Luis Calvo, Jos\u00e9 Manuel Gonz\u00e1lez, M\u00aa Luz Lamiquiz e I\u00f1aki Lapazar\u00e1n<\/p>\n\n\n\n<p><strong>Giza baliabideak<\/strong><\/p>\n\n\n\n<figure class=\"wp-block-image size-large is-resized\"><img loading=\"lazy\" decoding=\"async\" width=\"1024\" height=\"683\" src=\"https:\/\/ademgi.org\/wp-content\/uploads\/2022\/02\/zurine_72-1024x683.jpg\" alt=\"\" class=\"wp-image-172\" style=\"width:512px;height:342px\" srcset=\"https:\/\/ademgi.org\/wp-content\/uploads\/2022\/02\/zurine_72-1024x683.jpg 1024w, https:\/\/ademgi.org\/wp-content\/uploads\/2022\/02\/zurine_72-300x200.jpg 300w, https:\/\/ademgi.org\/wp-content\/uploads\/2022\/02\/zurine_72-768x512.jpg 768w, https:\/\/ademgi.org\/wp-content\/uploads\/2022\/02\/zurine_72-1536x1024.jpg 1536w, https:\/\/ademgi.org\/wp-content\/uploads\/2022\/02\/zurine_72.jpg 1816w\" sizes=\"auto, (max-width: 1024px) 100vw, 1024px\" \/><\/figure>\n\n\n\n<p>Zuri\u00f1e L\u00f3pez, komunikazioko arduraduna<\/p>\n\n\n\n<figure class=\"wp-block-image size-large is-resized\"><img loading=\"lazy\" decoding=\"async\" width=\"1024\" height=\"683\" src=\"https:\/\/ademgi.org\/wp-content\/uploads\/2022\/02\/idoia_72-1024x683.jpg\" alt=\"\" class=\"wp-image-173\" style=\"width:512px;height:342px\" srcset=\"https:\/\/ademgi.org\/wp-content\/uploads\/2022\/02\/idoia_72-1024x683.jpg 1024w, https:\/\/ademgi.org\/wp-content\/uploads\/2022\/02\/idoia_72-300x200.jpg 300w, https:\/\/ademgi.org\/wp-content\/uploads\/2022\/02\/idoia_72-768x512.jpg 768w, https:\/\/ademgi.org\/wp-content\/uploads\/2022\/02\/idoia_72-1536x1024.jpg 1536w, https:\/\/ademgi.org\/wp-content\/uploads\/2022\/02\/idoia_72.jpg 1794w\" sizes=\"auto, (max-width: 1024px) 100vw, 1024px\" \/><\/figure>\n\n\n\n<p>Idoia Fern\u00e1ndez, psikologoa eta Birgaitze Zentroko arduraduna<\/p>\n\n\n\n<figure class=\"wp-block-image size-large is-resized\"><img loading=\"lazy\" decoding=\"async\" width=\"1024\" height=\"683\" src=\"https:\/\/ademgi.org\/wp-content\/uploads\/2022\/02\/4_72-1-1024x683.jpg\" alt=\"\" class=\"wp-image-174\" style=\"width:512px;height:342px\" srcset=\"https:\/\/ademgi.org\/wp-content\/uploads\/2022\/02\/4_72-1-1024x683.jpg 1024w, https:\/\/ademgi.org\/wp-content\/uploads\/2022\/02\/4_72-1-300x200.jpg 300w, https:\/\/ademgi.org\/wp-content\/uploads\/2022\/02\/4_72-1-768x512.jpg 768w, https:\/\/ademgi.org\/wp-content\/uploads\/2022\/02\/4_72-1-1536x1024.jpg 1536w, https:\/\/ademgi.org\/wp-content\/uploads\/2022\/02\/4_72-1.jpg 1981w\" sizes=\"auto, (max-width: 1024px) 100vw, 1024px\" \/><\/figure>\n\n\n\n<p>Ainhoa P\u00e9rez, logopeda<\/p>\n\n\n\n<figure class=\"wp-block-image size-large is-resized\"><img loading=\"lazy\" decoding=\"async\" width=\"1024\" height=\"683\" src=\"https:\/\/ademgi.org\/wp-content\/uploads\/2025\/06\/7-1024x683.jpg\" alt=\"\" class=\"wp-image-553\" style=\"width:512px;height:342px\" srcset=\"https:\/\/ademgi.org\/wp-content\/uploads\/2025\/06\/7-1024x683.jpg 1024w, https:\/\/ademgi.org\/wp-content\/uploads\/2025\/06\/7-300x200.jpg 300w, https:\/\/ademgi.org\/wp-content\/uploads\/2025\/06\/7-768x512.jpg 768w, https:\/\/ademgi.org\/wp-content\/uploads\/2025\/06\/7-1536x1024.jpg 1536w, https:\/\/ademgi.org\/wp-content\/uploads\/2025\/06\/7-2048x1365.jpg 2048w\" sizes=\"auto, (max-width: 1024px) 100vw, 1024px\" \/><\/figure>\n\n\n\n<p>Leire Alba, fisioterapeuta<\/p>\n\n\n\n<figure class=\"wp-block-image size-large is-resized\"><img loading=\"lazy\" decoding=\"async\" width=\"1024\" height=\"682\" src=\"https:\/\/ademgi.org\/wp-content\/uploads\/2022\/02\/5-1024x682.jpg\" alt=\"\" class=\"wp-image-177\" style=\"width:512px;height:341px\" srcset=\"https:\/\/ademgi.org\/wp-content\/uploads\/2022\/02\/5-1024x682.jpg 1024w, https:\/\/ademgi.org\/wp-content\/uploads\/2022\/02\/5-300x200.jpg 300w, https:\/\/ademgi.org\/wp-content\/uploads\/2022\/02\/5-768x511.jpg 768w, https:\/\/ademgi.org\/wp-content\/uploads\/2022\/02\/5-1536x1022.jpg 1536w, https:\/\/ademgi.org\/wp-content\/uploads\/2022\/02\/5-2048x1363.jpg 2048w\" sizes=\"auto, (max-width: 1024px) 100vw, 1024px\" \/><\/figure>\n\n\n\n<p>Gema Rodr\u00edguez, gizarte langilea<\/p>\n\n\n\n<figure class=\"wp-block-image size-large is-resized\"><img loading=\"lazy\" decoding=\"async\" width=\"682\" height=\"1024\" src=\"https:\/\/ademgi.org\/wp-content\/uploads\/2022\/02\/gero-682x1024.jpg\" alt=\"\" class=\"wp-image-178\" style=\"width:341px;height:512px\" srcset=\"https:\/\/ademgi.org\/wp-content\/uploads\/2022\/02\/gero-682x1024.jpg 682w, https:\/\/ademgi.org\/wp-content\/uploads\/2022\/02\/gero-200x300.jpg 200w, https:\/\/ademgi.org\/wp-content\/uploads\/2022\/02\/gero-768x1154.jpg 768w, https:\/\/ademgi.org\/wp-content\/uploads\/2022\/02\/gero-1022x1536.jpg 1022w, https:\/\/ademgi.org\/wp-content\/uploads\/2022\/02\/gero-1363x2048.jpg 1363w, https:\/\/ademgi.org\/wp-content\/uploads\/2022\/02\/gero-scaled.jpg 1704w\" sizes=\"auto, (max-width: 682px) 100vw, 682px\" \/><\/figure>\n\n\n\n<p>Jero Casanova, harrera (administraria)<\/p>\n\n\n\n<figure class=\"wp-block-image size-large is-resized\"><img loading=\"lazy\" decoding=\"async\" width=\"1024\" height=\"682\" src=\"https:\/\/ademgi.org\/wp-content\/uploads\/2022\/02\/6-1024x682.jpg\" alt=\"\" class=\"wp-image-179\" style=\"width:512px;height:341px\" srcset=\"https:\/\/ademgi.org\/wp-content\/uploads\/2022\/02\/6-1024x682.jpg 1024w, https:\/\/ademgi.org\/wp-content\/uploads\/2022\/02\/6-300x200.jpg 300w, https:\/\/ademgi.org\/wp-content\/uploads\/2022\/02\/6-768x512.jpg 768w, https:\/\/ademgi.org\/wp-content\/uploads\/2022\/02\/6-1536x1024.jpg 1536w, https:\/\/ademgi.org\/wp-content\/uploads\/2022\/02\/6-2048x1365.jpg 2048w\" sizes=\"auto, (max-width: 1024px) 100vw, 1024px\" \/><\/figure>\n\n\n\n<p>M\u00f3nica Fern\u00e1ndez, gizarte dinamitzailea<\/p>\n","protected":false},"excerpt":{"rendered":"<p>Zuzendaritza batzordea: Lehendakaria: M\u00aa Luisa Ustarroz 1.go lehendakariordea: Juan Antonio Unzurrunzaga 2.go lehendakariordea: M\u00aa Jos\u00e9 Urkia Diruzaina: Alberto P\u00e9rez Idazkaria: Rosa Oviedo Batzordekideak: Eva Villar\u00f3n, Imelda Iturbe, Jos\u00e9 Luis Calvo, Jos\u00e9 Manuel Gonz\u00e1lez, M\u00aa Luz Lamiquiz e I\u00f1aki Lapazar\u00e1n Giza baliabideak Zuri\u00f1e L\u00f3pez, komunikazioko arduraduna Idoia Fern\u00e1ndez, psikologoa eta Birgaitze Zentroko arduraduna Ainhoa P\u00e9rez, logopeda &hellip;<\/p>\n","protected":false},"author":2,"featured_media":0,"parent":0,"menu_order":0,"comment_status":"closed","ping_status":"closed","template":"","meta":{"footnotes":""},"class_list":["post-337","page","type-page","status-publish","hentry","no-thumb"],"_links":{"self":[{"href":"https:\/\/ademgi.org\/index.php?rest_route=\/wp\/v2\/pages\/337","targetHints":{"allow":["GET"]}}],"collection":[{"href":"https:\/\/ademgi.org\/index.php?rest_route=\/wp\/v2\/pages"}],"about":[{"href":"https:\/\/ademgi.org\/index.php?rest_route=\/wp\/v2\/types\/page"}],"author":[{"embeddable":true,"href":"https:\/\/ademgi.org\/index.php?rest_route=\/wp\/v2\/users\/2"}],"replies":[{"embeddable":true,"href":"https:\/\/ademgi.org\/index.php?rest_route=%2Fwp%2Fv2%2Fcomments&post=337"}],"version-history":[{"count":5,"href":"https:\/\/ademgi.org\/index.php?rest_route=\/wp\/v2\/pages\/337\/revisions"}],"predecessor-version":[{"id":556,"href":"https:\/\/ademgi.org\/index.php?rest_route=\/wp\/v2\/pages\/337\/revisions\/556"}],"wp:attachment":[{"href":"https:\/\/ademgi.org\/index.php?rest_route=%2Fwp%2Fv2%2Fmedia&parent=337"}],"curies":[{"name":"wp","href":"https:\/\/api.w.org\/{rel}","templated":true}]}}