{"id":66,"date":"2022-02-06T14:22:45","date_gmt":"2022-02-06T14:22:45","guid":{"rendered":"https:\/\/ademgi.org\/?page_id=66"},"modified":"2023-02-17T12:04:13","modified_gmt":"2023-02-17T12:04:13","slug":"asociate","status":"publish","type":"page","link":"https:\/\/ademgi.org\/?page_id=66","title":{"rendered":"\u00a1As\u00f3ciate!"},"content":{"rendered":"\n<p><strong>\u00a1As\u00f3ciate!<\/strong><\/p>\n\n\n\n<p><strong>-Socio beneficiario: <\/strong><strong><\/strong><\/p>\n\n\n\n<p>Si padeces Esclerosis M\u00faltiple, asociarte a ADEMGI por solo 120\u20ac anuales te comportar\u00e1 m\u00faltiples beneficios: te permitir\u00e1 acceder a todos y cada uno de nuestros servicios de rehabilitaci\u00f3n y asistencia social a trav\u00e9s de una tarificaci\u00f3n reducida. Adem\u00e1s, como socio de ADEMGI tendr\u00e1s tambi\u00e9n la posibilidad de concertar un servicio de traslado en ambulancia, sin coste alguno, con el que poder acudir a tus sesiones de rehabilitaci\u00f3n*.<\/p>\n\n\n\n<p>Por otro lado, contar con un grupo cada vez m\u00e1s importante de personas asociadas a los que representar nos permitir\u00e1 seguir luchando por los derechos de todas aquellas personas afectadas por esta patolog\u00eda adquiriendo una mayor relevancia social y ejerciendo una mayor presi\u00f3n sobre organismos e instituciones.<\/p>\n\n\n\n<p>* Si padeces cualquiera de las otras patolog\u00edas neurol\u00f3gicas a las que tambi\u00e9n se da coberturas desde el Centro de Esclerosis M\u00faltiple y Otras Enfermedades Neurol\u00f3gicas, contacta con tu respectiva asociaci\u00f3n para conocer las tarifas y condiciones correspondientes de las entidades:<\/p>\n\n\n\n<p>ADELA GIPUZKOA (Asociaci\u00f3n de Esclerosis Lateral Amiotr\u00f3fica): <a rel=\"noreferrer noopener\" href=\"mailto:gipuzkoa@adelaeuskalherria.com\" target=\"_blank\">gipuzkoa@adelaeuskalherria.com<\/a><\/p>\n\n\n\n<p>GENE (Asociaci\u00f3n de Enfermos Neuromusculares de Gipuzkoa): <a href=\"mailto:infogene@gene.eus\" target=\"_blank\" rel=\"noreferrer noopener\">infogene@gene.eus<\/a><\/p>\n\n\n\n<p><strong>-Socio colaborador: <\/strong><\/p>\n\n\n\n<p>Aunque la mayor parte de nuestros socios son personas afectadas por Esclerosis M\u00faltiple u otras enfermedades neurol\u00f3gicas, \u00a1no hace falta ser parte de la causa para contribuir a ella! Por este motivo, desde ADEMGI ofrecemos tambi\u00e9n la posibilidad de asociarse tanto a familiares de personas usuarias de nuestra asociaci\u00f3n como a personas que no padecen ning\u00fan tipo de patolog\u00eda neurol\u00f3gica pero que quieren contribuir al mantenimiento de nuestro proyecto y ayudarnos con ello a mejorar la vida de cientos de guipuzcoanos. Si este es tu caso, puedes apoyarnos como \u00absocio colaborador\u00bb a trav\u00e9s de una cuota de tan solo 35 euros anuales. <\/p>\n\n\n\n<p>Para m\u00e1s informaci\u00f3n sobre socios, tarifas o servicios, no dudes en contactar con nosotros a trav\u00e9s de nuestra direcci\u00f3n de correo electr\u00f3nico <u><a href=\"mailto:info@ademgi.org?subject=Consulta\">info@ademgi.org<\/a><\/u> o n\u00famero de tel\u00e9fono &nbsp;943 245 600. \u00a1Estaremos encantados de atenderte!<\/p>\n\n\n\n<p><a id=\"_msocom_1\"><\/a><\/p>\n","protected":false},"excerpt":{"rendered":"<p>\u00a1As\u00f3ciate! -Socio beneficiario: Si padeces Esclerosis M\u00faltiple, asociarte a ADEMGI por solo 120\u20ac anuales te comportar\u00e1 m\u00faltiples beneficios: te permitir\u00e1 acceder a todos y cada uno de nuestros servicios de rehabilitaci\u00f3n y asistencia social a trav\u00e9s de una tarificaci\u00f3n reducida. Adem\u00e1s, como socio de ADEMGI tendr\u00e1s tambi\u00e9n la posibilidad de concertar un servicio de traslado &hellip;<\/p>\n","protected":false},"author":2,"featured_media":0,"parent":0,"menu_order":0,"comment_status":"closed","ping_status":"closed","template":"","meta":{"footnotes":""},"class_list":["post-66","page","type-page","status-publish","hentry","no-thumb"],"_links":{"self":[{"href":"https:\/\/ademgi.org\/index.php?rest_route=\/wp\/v2\/pages\/66","targetHints":{"allow":["GET"]}}],"collection":[{"href":"https:\/\/ademgi.org\/index.php?rest_route=\/wp\/v2\/pages"}],"about":[{"href":"https:\/\/ademgi.org\/index.php?rest_route=\/wp\/v2\/types\/page"}],"author":[{"embeddable":true,"href":"https:\/\/ademgi.org\/index.php?rest_route=\/wp\/v2\/users\/2"}],"replies":[{"embeddable":true,"href":"https:\/\/ademgi.org\/index.php?rest_route=%2Fwp%2Fv2%2Fcomments&post=66"}],"version-history":[{"count":11,"href":"https:\/\/ademgi.org\/index.php?rest_route=\/wp\/v2\/pages\/66\/revisions"}],"predecessor-version":[{"id":385,"href":"https:\/\/ademgi.org\/index.php?rest_route=\/wp\/v2\/pages\/66\/revisions\/385"}],"wp:attachment":[{"href":"https:\/\/ademgi.org\/index.php?rest_route=%2Fwp%2Fv2%2Fmedia&parent=66"}],"curies":[{"name":"wp","href":"https:\/\/api.w.org\/{rel}","templated":true}]}}